{"id":1456,"date":"2024-05-22T10:15:54","date_gmt":"2024-09-13T09:19:35","guid":{"rendered":"http:\/\/www.icon-by-covivio.de\/?page_id=1456"},"modified":"2024-11-05T13:56:10","modified_gmt":"2024-11-05T12:56:10","slug":"business-unit","status":"publish","type":"page","link":"https:\/\/www.icon-by-covivio.de\/en\/business-unit\/","title":{"rendered":"Business Unit"},"content":{"rendered":"<section class=\"section image-text image-text--variant-3 parallax\" style=\"--black-shadow-opacity: 0;\">\n\t<picture class=\"image-text__picture\"><source srcset=\"https:\/\/www.icon-by-covivio.de:443\/app\/uploads\/2024\/09\/business-unit-414x790.png\" width=\"414\" height=\"790\" media=\"(max-width: 414px)\" \/><source srcset=\"https:\/\/www.icon-by-covivio.de:443\/app\/uploads\/2024\/09\/business-unit-768x932.png\" width=\"768\" height=\"932\" media=\"(max-width: 768px)\" \/><source srcset=\"https:\/\/www.icon-by-covivio.de:443\/app\/uploads\/2024\/09\/business-unit-1024x740.png\" width=\"1024\" height=\"740\" media=\"(max-width: 1024px)\" \/><img loading=\"lazy\" decoding=\"async\" src=\"https:\/\/www.icon-by-covivio.de:443\/app\/uploads\/2024\/09\/business-unit-1920x883.png\" width=\"1920\" height=\"883\" class=\"parallax__item parallax__load-image\" data-parallax-type=\"move\" data-parallax-orientation=\"down\" data-parallax-distance=\"22%\" data-parallax-scale=\"1.25\" alt=\"ICON by Covivio Business Unit\" \/><\/picture>\t<div class=\"image-text__text-block\">\n\t\t\t\t\t\t\t\t\t<\/div>\n\t<\/section>\n\n\n\n\n\t<section class=\"section text-box text-box--variant-1\" >\n\t\t<div class=\"container\">\n\t\t\t<h1 class=\"h3\">Covivio Business Unit<\/h1>\t\t<\/div>\n\t<\/section>\n\n\n\t<section class=\"section text-box text-box--variant-2\" style=\"--columns: 2\">\n\t\t<div class=\"container\">\n\t\t\t\t\t\t<div class=\"text-box__container\">\n\t\t\t\t<div class=\"text-box__text-block\"><p>SPACE<br \/>11 modular areas<br \/>Flexible planning<\/p>\n<p>EQUIPMENT<br \/>Electric external sun shading<br \/>Raised floor<br \/>Ceiling height: 2.85 m<\/p>\n<p>AVAILABILITY<br \/>As of now<\/p><\/div><div class=\"text-box__text-block\"><p class=\"text--intro\">With our Business Unit (BU by Covivio) concept, we are developing a working environment that not only responds to our customers' wishes at short notice, but above all is sustainable, cost-efficient and future-proof. The office space can be remodelled on a modular basis on request.<\/p>\n<p><a class=\"button button--primary\" href=\"https:\/\/www.icon-by-covivio.de\/en\/contact\/\">Get advice now<\/a><\/p><\/div>\t\t\t<\/div>\n\t\t<\/div>\n\t<\/section>\n\n\n\n<section class=\"section gallery gallery--variant-4 splide\">\n\t<div class=\"gallery__container\">\n\t\t<div class=\"splide__track\">\n\t\t\t<div class=\"gallery__list splide__list\">\n\t\t\t\t\t\t\t\t\t<div class=\"gallery__item splide__slide\">\n\t\t\t\t\t\t<picture class=\"gallery__picture\"><source srcset=\"https:\/\/www.icon-by-covivio.de:443\/app\/uploads\/2024\/09\/BU_ICON__08667-e1708930783916-414x265.webp\" width=\"414\" height=\"265\" media=\"(max-width: 414px)\" \/><source srcset=\"https:\/\/www.icon-by-covivio.de:443\/app\/uploads\/2024\/09\/BU_ICON__08667-e1708930783916-767x309.webp\" width=\"767\" height=\"309\" media=\"(max-width: 767px)\" \/><source srcset=\"https:\/\/www.icon-by-covivio.de:443\/app\/uploads\/2024\/09\/BU_ICON__08667-e1708930783916-1023x412.webp\" width=\"1023\" height=\"412\" media=\"(max-width: 1023px)\" \/><img decoding=\"async\" src=\"https:\/\/www.icon-by-covivio.de:443\/app\/uploads\/2024\/09\/BU_ICON__08667-e1708930783916-1920x773.webp\" width=\"1920\" height=\"773\" class=\"gallery__image\" alt=\"ICON by Covivio Business Unit\" loading=\"lazy\" \/><\/picture>\t\t\t\t\t<\/div>\n\t\t\t\t\t\t\t\t\t<div class=\"gallery__item splide__slide\">\n\t\t\t\t\t\t<picture class=\"gallery__picture\"><source srcset=\"https:\/\/www.icon-by-covivio.de:443\/app\/uploads\/2024\/09\/BU_ICON__08769-e1708930764315-414x265.webp\" width=\"414\" height=\"265\" media=\"(max-width: 414px)\" \/><source srcset=\"https:\/\/www.icon-by-covivio.de:443\/app\/uploads\/2024\/09\/BU_ICON__08769-e1708930764315-767x309.webp\" width=\"767\" height=\"309\" media=\"(max-width: 767px)\" \/><source srcset=\"https:\/\/www.icon-by-covivio.de:443\/app\/uploads\/2024\/09\/BU_ICON__08769-e1708930764315-1023x412.webp\" width=\"1023\" height=\"412\" media=\"(max-width: 1023px)\" \/><img decoding=\"async\" src=\"https:\/\/www.icon-by-covivio.de:443\/app\/uploads\/2024\/09\/BU_ICON__08769-e1708930764315-1920x773.webp\" width=\"1920\" height=\"773\" class=\"gallery__image\" alt=\"ICON by Covivio Business Unit\" loading=\"lazy\" \/><\/picture>\t\t\t\t\t<\/div>\n\t\t\t\t\t\t\t\t\t<div class=\"gallery__item splide__slide\">\n\t\t\t\t\t\t<picture class=\"gallery__picture\"><source srcset=\"https:\/\/www.icon-by-covivio.de:443\/app\/uploads\/2024\/09\/BU_ICON000583-e1708930676656-414x265.webp\" width=\"414\" height=\"265\" media=\"(max-width: 414px)\" \/><source srcset=\"https:\/\/www.icon-by-covivio.de:443\/app\/uploads\/2024\/09\/BU_ICON000583-e1708930676656-767x309.webp\" width=\"767\" height=\"309\" media=\"(max-width: 767px)\" \/><source srcset=\"https:\/\/www.icon-by-covivio.de:443\/app\/uploads\/2024\/09\/BU_ICON000583-e1708930676656-1023x412.webp\" width=\"1023\" height=\"412\" media=\"(max-width: 1023px)\" \/><img decoding=\"async\" src=\"https:\/\/www.icon-by-covivio.de:443\/app\/uploads\/2024\/09\/BU_ICON000583-e1708930676656-1920x773.webp\" width=\"1920\" height=\"773\" class=\"gallery__image\" alt=\"ICON by Covivio Business Unit\" loading=\"lazy\" \/><\/picture>\t\t\t\t\t<\/div>\n\t\t\t\t\t\t\t\t\t<div class=\"gallery__item splide__slide\">\n\t\t\t\t\t\t<picture class=\"gallery__picture\"><source srcset=\"https:\/\/www.icon-by-covivio.de:443\/app\/uploads\/2024\/09\/BU_ICON000673-e1708930658136-414x265.webp\" width=\"414\" height=\"265\" media=\"(max-width: 414px)\" \/><source srcset=\"https:\/\/www.icon-by-covivio.de:443\/app\/uploads\/2024\/09\/BU_ICON000673-e1708930658136-767x309.webp\" width=\"767\" height=\"309\" media=\"(max-width: 767px)\" \/><source srcset=\"https:\/\/www.icon-by-covivio.de:443\/app\/uploads\/2024\/09\/BU_ICON000673-e1708930658136-1023x412.webp\" width=\"1023\" height=\"412\" media=\"(max-width: 1023px)\" \/><img decoding=\"async\" src=\"https:\/\/www.icon-by-covivio.de:443\/app\/uploads\/2024\/09\/BU_ICON000673-e1708930658136-1920x773.webp\" width=\"1920\" height=\"773\" class=\"gallery__image\" alt=\"ICON by Covivio Business Unit\" loading=\"lazy\" \/><\/picture>\t\t\t\t\t<\/div>\n\t\t\t\t\t\t\t\t\t<div class=\"gallery__item splide__slide\">\n\t\t\t\t\t\t<picture class=\"gallery__picture\"><source srcset=\"https:\/\/www.icon-by-covivio.de:443\/app\/uploads\/2024\/09\/BU_ICON000852-e1708930640664-414x265.webp\" width=\"414\" height=\"265\" media=\"(max-width: 414px)\" \/><source srcset=\"https:\/\/www.icon-by-covivio.de:443\/app\/uploads\/2024\/09\/BU_ICON000852-e1708930640664-767x309.webp\" width=\"767\" height=\"309\" media=\"(max-width: 767px)\" \/><source srcset=\"https:\/\/www.icon-by-covivio.de:443\/app\/uploads\/2024\/09\/BU_ICON000852-e1708930640664-1023x412.webp\" width=\"1023\" height=\"412\" media=\"(max-width: 1023px)\" \/><img decoding=\"async\" src=\"https:\/\/www.icon-by-covivio.de:443\/app\/uploads\/2024\/09\/BU_ICON000852-e1708930640664-1920x773.webp\" width=\"1920\" height=\"773\" class=\"gallery__image\" alt=\"ICON by Covivio Business Unit\" loading=\"lazy\" \/><\/picture>\t\t\t\t\t<\/div>\n\t\t\t\t\t\t\t\t\t<div class=\"gallery__item splide__slide\">\n\t\t\t\t\t\t<picture class=\"gallery__picture\"><source srcset=\"https:\/\/www.icon-by-covivio.de:443\/app\/uploads\/2024\/09\/BU_ICON000910-2048x1366-1-414x265.jpg\" width=\"414\" height=\"265\" media=\"(max-width: 414px)\" \/><source srcset=\"https:\/\/www.icon-by-covivio.de:443\/app\/uploads\/2024\/09\/BU_ICON000910-2048x1366-1-767x309.jpg\" width=\"767\" height=\"309\" media=\"(max-width: 767px)\" \/><source srcset=\"https:\/\/www.icon-by-covivio.de:443\/app\/uploads\/2024\/09\/BU_ICON000910-2048x1366-1-1023x412.jpg\" width=\"1023\" height=\"412\" media=\"(max-width: 1023px)\" \/><img decoding=\"async\" src=\"https:\/\/www.icon-by-covivio.de:443\/app\/uploads\/2024\/09\/BU_ICON000910-2048x1366-1-1920x773.jpg\" width=\"1920\" height=\"773\" class=\"gallery__image\" alt=\"ICON by Covivio Business Unit\" loading=\"lazy\" \/><\/picture>\t\t\t\t\t<\/div>\n\t\t\t\t\t\t\t<\/div>\n\t\t<\/div>\n\t\t<div class=\"splide__progress\">\n\t\t\t<div class=\"splide__progress__bar\">\n\t\t\t<\/div>\n\t\t<\/div>\n\t<\/div>\n<\/section>\n\n\n\t<section class=\"section key-figures-list key-figures-list--variant-1\" id=\"vorteile\">\n\t\t<div class=\"container\">\n\t\t\t\t\t\t\t<div class=\"key-figures-list__title\">\n\t\t\t\t\t<h2 class=\"h4\">Advantages<\/h2>\t\t\t\t<\/div>\n\t\t\t\n\t\t\t<div class=\"key-figures-list__list\">\n\t\t\t\t\t\t\t\t\t<div class=\"key-figures-list__item\">\n\t\t\t\t\t\t<p class=\"key-figures-list__item-key-figure\">\n\t\t\t\t\t\t\t<span class=\"key-figures-list__item-number\">10<\/span>\n\t\t\t\t\t\t\t\t\t\t\t\t\t\t\t<span class=\"key-figures-list__item-unit\">%<\/span>\n\t\t\t\t\t\t\t\t\t\t\t\t\t<\/p>\n\t\t\t\t\t\t\t\t\t\t\t\t\t<p class=\"key-figures-list__item-title\"><\/p>\n\t\t\t\t\t\t\t\t\t\t\t\t\t\t\t\t\t\t\t<p class=\"key-figures-list__item-text\">Average cost savings<\/p>\n\t\t\t\t\t\t\t\t\t\t\t<\/div>\n\t\t\t\t\t\t\t\t\t<div class=\"key-figures-list__item\">\n\t\t\t\t\t\t<p class=\"key-figures-list__item-key-figure\">\n\t\t\t\t\t\t\t<span class=\"key-figures-list__item-number\">< 20<\/span>\n\t\t\t\t\t\t\t\t\t\t\t\t\t\t\t<span class=\"key-figures-list__item-unit\">%<\/span>\n\t\t\t\t\t\t\t\t\t\t\t\t\t<\/p>\n\t\t\t\t\t\t\t\t\t\t\t\t\t<p class=\"key-figures-list__item-title\"><\/p>\n\t\t\t\t\t\t\t\t\t\t\t\t\t\t\t\t\t\t\t<p class=\"key-figures-list__item-text\">Optimised space utilisation<\/p>\n\t\t\t\t\t\t\t\t\t\t\t<\/div>\n\t\t\t\t\t\t\t\t\t<div class=\"key-figures-list__item\">\n\t\t\t\t\t\t<p class=\"key-figures-list__item-key-figure\">\n\t\t\t\t\t\t\t<span class=\"key-figures-list__item-number\">70 <\/span>\n\t\t\t\t\t\t\t\t\t\t\t\t\t\t\t<span class=\"key-figures-list__item-unit\">%<\/span>\n\t\t\t\t\t\t\t\t\t\t\t\t\t<\/p>\n\t\t\t\t\t\t\t\t\t\t\t\t\t<p class=\"key-figures-list__item-title\"><\/p>\n\t\t\t\t\t\t\t\t\t\t\t\t\t\t\t\t\t\t\t<p class=\"key-figures-list__item-text\">Furniture from sustainable production on average<\/p>\n\t\t\t\t\t\t\t\t\t\t\t<\/div>\n\t\t\t\t\t\t\t\t\t<div class=\"key-figures-list__item\">\n\t\t\t\t\t\t<p class=\"key-figures-list__item-key-figure\">\n\t\t\t\t\t\t\t<span class=\"key-figures-list__item-number\">100<\/span>\n\t\t\t\t\t\t\t\t\t\t\t\t\t\t\t<span class=\"key-figures-list__item-unit\">%<\/span>\n\t\t\t\t\t\t\t\t\t\t\t\t\t<\/p>\n\t\t\t\t\t\t\t\t\t\t\t\t\t<p class=\"key-figures-list__item-title\"><\/p>\n\t\t\t\t\t\t\t\t\t\t\t\t\t\t\t\t\t\t\t<p class=\"key-figures-list__item-text\">recycled flooring<\/p>\n\t\t\t\t\t\t\t\t\t\t\t<\/div>\n\t\t\t\t\t\t\t<\/div>\n\t\t<\/div>\n\t<\/section>\n\n\n\t<section class=\"section text-box text-box--variant-2\" id=\"besonderheiten\" style=\"--columns: 2\">\n\t\t<div class=\"container\">\n\t\t\t<h2 class=\"h4\">Special features<\/h2>\t\t\t<div class=\"text-box__container\">\n\t\t\t\t<div class=\"text-box__text-block\"><p class=\"h5\">Room structure<\/p><p>The diverse office landscape has open and closed areas. Room-in-room solutions keep the space structure flexible. Colours and materials provide visual and tactile stimulation.<\/p><\/div><div class=\"text-box__text-block\"><p class=\"h5\">Nature and office<\/p><p>BU by Covivio combines quality with sustainability and also offers a holistic plant concept. On average, 70 per cent of the furniture is made from recycled materials and is recyclable.<\/p><\/div><div class=\"text-box__text-block\"><p class=\"h5\">Equipment<\/p><p>The need to protect employees is taken into account thanks to appropriate distances between workstations. There is also the option of installing flexible or static partition walls. All standard workstations are ergonomically equipped, for example with a height-adjustable table and customised lighting.<\/p><\/div><div class=\"text-box__text-block\"><p class=\"h5\">Indoor climate<\/p><p>The climatic conditions are taken into account for the various work activities: Warmer temperatures prevail for creative tasks, colder temperatures for focussed tasks. The use of acoustically effective materials reduces noise, especially in the open areas. Natural lighting is used, particularly in the immediate vicinity of the standard workstations.<\/p><\/div>\t\t\t<\/div>\n\t\t<\/div>\n\t<\/section>","protected":false},"excerpt":{"rendered":"","protected":false},"author":2,"featured_media":0,"parent":0,"menu_order":0,"comment_status":"closed","ping_status":"open","template":"","meta":{"_acf_changed":false,"inline_featured_image":false,"footnotes":""},"class_list":["post-1456","page","type-page","status-publish","hentry"],"acf":[],"yoast_head":"<!-- This site is optimized with the Yoast SEO plugin v27.3 - https:\/\/yoast.com\/product\/yoast-seo-wordpress\/ -->\n<title>B\u00fcro mieten in D\u00fcsseldorf \u2013 Gestaltbare R\u00e4ume im ICON by Covivio<\/title>\n<meta name=\"description\" content=\"Gestalten Sie flexible Business Units nach Ihren Bed\u00fcrfnissen und schaffen Sie eine inspirierende Arbeitsatmosph\u00e4re.\" \/>\n<meta name=\"robots\" content=\"index, follow, max-snippet:-1, max-image-preview:large, max-video-preview:-1\" \/>\n<link rel=\"canonical\" href=\"https:\/\/www.icon-by-covivio.de\/en\/business-unit\/\" \/>\n<meta property=\"og:locale\" content=\"en_GB\" \/>\n<meta property=\"og:type\" content=\"article\" \/>\n<meta property=\"og:title\" content=\"B\u00fcro mieten in D\u00fcsseldorf \u2013 Gestaltbare R\u00e4ume im ICON by Covivio\" \/>\n<meta property=\"og:description\" content=\"Gestalten Sie flexible Business Units nach Ihren Bed\u00fcrfnissen und schaffen Sie eine inspirierende Arbeitsatmosph\u00e4re.\" \/>\n<meta property=\"og:url\" content=\"https:\/\/www.icon-by-covivio.de\/en\/business-unit\/\" \/>\n<meta property=\"og:site_name\" content=\"ICON by Covivio\" \/>\n<meta property=\"article:modified_time\" content=\"2024-11-05T12:56:10+00:00\" \/>\n<meta name=\"twitter:card\" content=\"summary_large_image\" \/>\n<script type=\"application\/ld+json\" class=\"yoast-schema-graph\">{\"@context\":\"https:\\\/\\\/schema.org\",\"@graph\":[{\"@type\":\"WebPage\",\"@id\":\"https:\\\/\\\/www.icon-by-covivio.de\\\/business-unit\\\/\",\"url\":\"https:\\\/\\\/www.icon-by-covivio.de\\\/business-unit\\\/\",\"name\":\"B\u00fcro mieten in D\u00fcsseldorf \u2013 Gestaltbare R\u00e4ume im ICON by Covivio\",\"isPartOf\":{\"@id\":\"https:\\\/\\\/www.icon-by-covivio.de\\\/#website\"},\"datePublished\":\"2024-09-13T09:19:35+00:00\",\"dateModified\":\"2024-11-05T12:56:10+00:00\",\"description\":\"Gestalten Sie flexible Business Units nach Ihren Bed\u00fcrfnissen und schaffen Sie eine inspirierende Arbeitsatmosph\u00e4re.\",\"breadcrumb\":{\"@id\":\"https:\\\/\\\/www.icon-by-covivio.de\\\/business-unit\\\/#breadcrumb\"},\"inLanguage\":\"en-GB\",\"potentialAction\":[{\"@type\":\"ReadAction\",\"target\":[\"https:\\\/\\\/www.icon-by-covivio.de\\\/business-unit\\\/\"]}]},{\"@type\":\"BreadcrumbList\",\"@id\":\"https:\\\/\\\/www.icon-by-covivio.de\\\/business-unit\\\/#breadcrumb\",\"itemListElement\":[{\"@type\":\"ListItem\",\"position\":1,\"name\":\"Home\",\"item\":\"https:\\\/\\\/www.icon-by-covivio.de\\\/\"},{\"@type\":\"ListItem\",\"position\":2,\"name\":\"Business Unit\"}]},{\"@type\":\"WebSite\",\"@id\":\"https:\\\/\\\/www.icon-by-covivio.de\\\/#website\",\"url\":\"https:\\\/\\\/www.icon-by-covivio.de\\\/\",\"name\":\"ICON by Covivio\",\"description\":\"\",\"potentialAction\":[{\"@type\":\"SearchAction\",\"target\":{\"@type\":\"EntryPoint\",\"urlTemplate\":\"https:\\\/\\\/www.icon-by-covivio.de\\\/?s={search_term_string}\"},\"query-input\":{\"@type\":\"PropertyValueSpecification\",\"valueRequired\":true,\"valueName\":\"search_term_string\"}}],\"inLanguage\":\"en-GB\"}]}<\/script>\n<!-- \/ Yoast SEO plugin. -->","yoast_head_json":{"title":"Rent an office in D\u00fcsseldorf - customisable spaces at ICON by Covivio","description":"Organise flexible business units according to your needs and create an inspiring working atmosphere.","robots":{"index":"index","follow":"follow","max-snippet":"max-snippet:-1","max-image-preview":"max-image-preview:large","max-video-preview":"max-video-preview:-1"},"canonical":"https:\/\/www.icon-by-covivio.de\/en\/business-unit\/","og_locale":"en_GB","og_type":"article","og_title":"B\u00fcro mieten in D\u00fcsseldorf \u2013 Gestaltbare R\u00e4ume im ICON by Covivio","og_description":"Gestalten Sie flexible Business Units nach Ihren Bed\u00fcrfnissen und schaffen Sie eine inspirierende Arbeitsatmosph\u00e4re.","og_url":"https:\/\/www.icon-by-covivio.de\/en\/business-unit\/","og_site_name":"ICON by Covivio","article_modified_time":"2024-11-05T12:56:10+00:00","twitter_card":"summary_large_image","schema":{"@context":"https:\/\/schema.org","@graph":[{"@type":"WebPage","@id":"https:\/\/www.icon-by-covivio.de\/business-unit\/","url":"https:\/\/www.icon-by-covivio.de\/business-unit\/","name":"Rent an office in D\u00fcsseldorf - customisable spaces at ICON by Covivio","isPartOf":{"@id":"https:\/\/www.icon-by-covivio.de\/#website"},"datePublished":"2024-09-13T09:19:35+00:00","dateModified":"2024-11-05T12:56:10+00:00","description":"Organise flexible business units according to your needs and create an inspiring working atmosphere.","breadcrumb":{"@id":"https:\/\/www.icon-by-covivio.de\/business-unit\/#breadcrumb"},"inLanguage":"en-GB","potentialAction":[{"@type":"ReadAction","target":["https:\/\/www.icon-by-covivio.de\/business-unit\/"]}]},{"@type":"BreadcrumbList","@id":"https:\/\/www.icon-by-covivio.de\/business-unit\/#breadcrumb","itemListElement":[{"@type":"ListItem","position":1,"name":"Home","item":"https:\/\/www.icon-by-covivio.de\/"},{"@type":"ListItem","position":2,"name":"Business Unit"}]},{"@type":"WebSite","@id":"https:\/\/www.icon-by-covivio.de\/#website","url":"https:\/\/www.icon-by-covivio.de\/","name":"ICON by Covivio","description":"","potentialAction":[{"@type":"SearchAction","target":{"@type":"EntryPoint","urlTemplate":"https:\/\/www.icon-by-covivio.de\/?s={search_term_string}"},"query-input":{"@type":"PropertyValueSpecification","valueRequired":true,"valueName":"search_term_string"}}],"inLanguage":"en-GB"}]}},"_links":{"self":[{"href":"https:\/\/www.icon-by-covivio.de\/en\/wp-json\/wp\/v2\/pages\/1456","targetHints":{"allow":["GET"]}}],"collection":[{"href":"https:\/\/www.icon-by-covivio.de\/en\/wp-json\/wp\/v2\/pages"}],"about":[{"href":"https:\/\/www.icon-by-covivio.de\/en\/wp-json\/wp\/v2\/types\/page"}],"author":[{"embeddable":true,"href":"https:\/\/www.icon-by-covivio.de\/en\/wp-json\/wp\/v2\/users\/2"}],"replies":[{"embeddable":true,"href":"https:\/\/www.icon-by-covivio.de\/en\/wp-json\/wp\/v2\/comments?post=1456"}],"version-history":[{"count":35,"href":"https:\/\/www.icon-by-covivio.de\/en\/wp-json\/wp\/v2\/pages\/1456\/revisions"}],"predecessor-version":[{"id":1764,"href":"https:\/\/www.icon-by-covivio.de\/en\/wp-json\/wp\/v2\/pages\/1456\/revisions\/1764"}],"wp:attachment":[{"href":"https:\/\/www.icon-by-covivio.de\/en\/wp-json\/wp\/v2\/media?parent=1456"}],"curies":[{"name":"wp","href":"https:\/\/api.w.org\/{rel}","templated":true}]}}