{"id":1455,"date":"2024-05-22T10:15:54","date_gmt":"2024-09-13T09:19:17","guid":{"rendered":"http:\/\/www.icon-by-covivio.de\/?page_id=1455"},"modified":"2024-11-05T13:55:19","modified_gmt":"2024-11-05T12:55:19","slug":"spaces","status":"publish","type":"page","link":"https:\/\/www.icon-by-covivio.de\/en\/flaechen\/","title":{"rendered":"Spaces"},"content":{"rendered":"<section class=\"section image-text image-text--variant-3 parallax\" style=\"--black-shadow-opacity: 0;\">\n\t<picture class=\"image-text__picture\"><source srcset=\"https:\/\/www.icon-by-covivio.de:443\/app\/uploads\/2024\/09\/flaechen-414x790.png\" width=\"414\" height=\"790\" media=\"(max-width: 414px)\" \/><source srcset=\"https:\/\/www.icon-by-covivio.de:443\/app\/uploads\/2024\/09\/flaechen-768x932.png\" width=\"768\" height=\"932\" media=\"(max-width: 768px)\" \/><source srcset=\"https:\/\/www.icon-by-covivio.de:443\/app\/uploads\/2024\/09\/flaechen-1024x740.png\" width=\"1024\" height=\"740\" media=\"(max-width: 1024px)\" \/><img loading=\"lazy\" decoding=\"async\" src=\"https:\/\/www.icon-by-covivio.de:443\/app\/uploads\/2024\/09\/flaechen-1920x883.png\" width=\"1920\" height=\"883\" class=\"parallax__item parallax__load-image\" data-parallax-type=\"move\" data-parallax-orientation=\"down\" data-parallax-distance=\"22%\" data-parallax-scale=\"1.25\" alt=\"ICON by Covivio facade\" \/><\/picture>\t<div class=\"image-text__text-block\">\n\t\t\t\t\t\t\t\t\t<\/div>\n\t<\/section>\n\n\n\n\n\t<section class=\"section text-box text-box--variant-2\" style=\"--columns: 2\">\n\t\t<div class=\"container\">\n\t\t\t\t\t\t<div class=\"text-box__container\">\n\t\t\t\t<div class=\"text-box__text-block\"><h1 class=\"h3\">Spaces<\/h1><\/div><div class=\"text-box__text-block\"><p class=\"text--intro\">The total area of the office complex is approx. <strong>55.700 m<sup>2<\/sup><\/strong> . Flexible office space in various sizes can be rented on request. The clear room height is approx. 3 metres.<\/p>\n<p><a class=\"button button--primary\" href=\"https:\/\/www.icon-by-covivio.de\/en\/contact\/\">Contact us <\/a><a class=\"button button--primary-2 button--secondary\" href=\"\/en\/app\/uploads\/2024\/09\/flaechen.zip\/\">Download the floor plans<\/a><\/p><\/div>\t\t\t<\/div>\n\t\t<\/div>\n\t<\/section>\n\n\n<section class=\"section image-text image-text--variant-1 image-text--image-not-full\" >\n\t<picture class=\"image-text__picture\"><source srcset=\"https:\/\/www.icon-by-covivio.de:443\/app\/uploads\/2024\/09\/ICON_fassade4-e1726668660876.jpg\" width=\"300\" height=\"450\" media=\"(max-width: 414px)\" \/><source srcset=\"https:\/\/www.icon-by-covivio.de:443\/app\/uploads\/2024\/09\/ICON_fassade4-e1726668660876.jpg\" width=\"300\" height=\"450\" media=\"(max-width: 1440px)\" \/><img decoding=\"async\" src=\"https:\/\/www.icon-by-covivio.de:443\/app\/uploads\/2024\/09\/ICON_fassade4-e1726668660876.jpg\" width=\"300\" height=\"450\"  alt=\"ICON by Covivio facade\" loading=\"lazy\" \/><\/picture>\t<div class=\"image-text__text-block\">\n\t\t<h2 class=\"h4\">Technical equipment<\/h2><p><strong>Sub-metering<\/strong> <br \/>Development of a dedicated metering system for heating, cooling and electricity for consumption-based billing.<\/p>\n<p><strong>Solar cooling<\/strong><br \/>PV system on the roof supplies most of the electricity required for the base load of refrigeration. Additional cooling requirements continue to be met by electricity.<\/p>\n<p><strong>E-mobility<\/strong> <br \/>Gradual supply of approx. 20% of the parking spaces with charging stations.<\/p>\t<\/div>\n<\/section>\n\n\n\t<section class=\"section text-box text-box--variant-2\" style=\"--columns: 2\">\n\t\t<div class=\"container\">\n\t\t\t<h2 class=\"h4\">Here you will find all available rental spaces<\/h2>\t\t\t<div class=\"text-box__container\">\n\t\t\t\t<div class=\"text-box__text-block\"><h2 class=\"h5\">Upper floors<\/h2>\n<ul>\n<li><a href=\"\/en\/app\/uploads\/2024\/09\/og-2.pdf\/\" target=\"_blank\" rel=\"noopener\">2nd upper floor<\/a><\/li>\n<li><a href=\"\/en\/app\/uploads\/2024\/09\/og-1.pdf\/\" target=\"_blank\" rel=\"noopener\">1st floor<\/a><\/li>\n<\/ul><\/div><div class=\"text-box__text-block\"><h2 class=\"h5\">Ground floors<\/h2>\n<ul>\n<li><a href=\"\/en\/app\/uploads\/2024\/09\/EG-oben.pdf\/\" target=\"_blank\" rel=\"noopener\">Ground floor (top)<\/a><\/li>\n<li><a href=\"\/en\/app\/uploads\/2024\/09\/EG-unten.pdf\/\" target=\"_blank\" rel=\"noopener\">Ground floor (below)<\/a><\/li>\n<\/ul><\/div>\t\t\t<\/div>\n\t\t<\/div>\n\t<\/section>","protected":false},"excerpt":{"rendered":"","protected":false},"author":2,"featured_media":0,"parent":0,"menu_order":0,"comment_status":"closed","ping_status":"open","template":"","meta":{"_acf_changed":false,"inline_featured_image":false,"footnotes":""},"class_list":["post-1455","page","type-page","status-publish","hentry"],"acf":[],"yoast_head":"<!-- This site is optimized with the Yoast SEO plugin v27.3 - https:\/\/yoast.com\/product\/yoast-seo-wordpress\/ -->\n<title>B\u00fcro mieten in D\u00fcsseldorf: ICON by Covivio mit 55.700 m\u00b2 Fl\u00e4che<\/title>\n<meta name=\"description\" content=\"Sichern Sie sich ein B\u00fcro in D\u00fcsseldorf: ICON by Covivio bietet flexible, vielseitig nutzbare Fl\u00e4chen, perfekt f\u00fcr moderne Unternehmen.\" \/>\n<meta name=\"robots\" content=\"index, follow, max-snippet:-1, max-image-preview:large, max-video-preview:-1\" \/>\n<link rel=\"canonical\" href=\"https:\/\/www.icon-by-covivio.de\/en\/spaces\/\" \/>\n<meta property=\"og:locale\" content=\"en_GB\" \/>\n<meta property=\"og:type\" content=\"article\" \/>\n<meta property=\"og:title\" content=\"B\u00fcro mieten in D\u00fcsseldorf: ICON by Covivio mit 55.700 m\u00b2 Fl\u00e4che\" \/>\n<meta property=\"og:description\" content=\"Sichern Sie sich ein B\u00fcro in D\u00fcsseldorf: ICON by Covivio bietet flexible, vielseitig nutzbare Fl\u00e4chen, perfekt f\u00fcr moderne Unternehmen.\" \/>\n<meta property=\"og:url\" content=\"https:\/\/www.icon-by-covivio.de\/en\/spaces\/\" \/>\n<meta property=\"og:site_name\" content=\"ICON by Covivio\" \/>\n<meta property=\"article:modified_time\" content=\"2024-11-05T12:55:19+00:00\" \/>\n<meta name=\"twitter:card\" content=\"summary_large_image\" \/>\n<script type=\"application\/ld+json\" class=\"yoast-schema-graph\">{\"@context\":\"https:\\\/\\\/schema.org\",\"@graph\":[{\"@type\":\"WebPage\",\"@id\":\"https:\\\/\\\/www.icon-by-covivio.de\\\/flaechen\\\/\",\"url\":\"https:\\\/\\\/www.icon-by-covivio.de\\\/flaechen\\\/\",\"name\":\"B\u00fcro mieten in D\u00fcsseldorf: ICON by Covivio mit 55.700 m\u00b2 Fl\u00e4che\",\"isPartOf\":{\"@id\":\"https:\\\/\\\/www.icon-by-covivio.de\\\/#website\"},\"datePublished\":\"2024-09-13T09:19:17+00:00\",\"dateModified\":\"2024-11-05T12:55:19+00:00\",\"description\":\"Sichern Sie sich ein B\u00fcro in D\u00fcsseldorf: ICON by Covivio bietet flexible, vielseitig nutzbare Fl\u00e4chen, perfekt f\u00fcr moderne Unternehmen.\",\"breadcrumb\":{\"@id\":\"https:\\\/\\\/www.icon-by-covivio.de\\\/flaechen\\\/#breadcrumb\"},\"inLanguage\":\"en-GB\",\"potentialAction\":[{\"@type\":\"ReadAction\",\"target\":[\"https:\\\/\\\/www.icon-by-covivio.de\\\/flaechen\\\/\"]}]},{\"@type\":\"BreadcrumbList\",\"@id\":\"https:\\\/\\\/www.icon-by-covivio.de\\\/flaechen\\\/#breadcrumb\",\"itemListElement\":[{\"@type\":\"ListItem\",\"position\":1,\"name\":\"Home\",\"item\":\"https:\\\/\\\/www.icon-by-covivio.de\\\/\"},{\"@type\":\"ListItem\",\"position\":2,\"name\":\"Fl\u00e4chen\"}]},{\"@type\":\"WebSite\",\"@id\":\"https:\\\/\\\/www.icon-by-covivio.de\\\/#website\",\"url\":\"https:\\\/\\\/www.icon-by-covivio.de\\\/\",\"name\":\"ICON by Covivio\",\"description\":\"\",\"potentialAction\":[{\"@type\":\"SearchAction\",\"target\":{\"@type\":\"EntryPoint\",\"urlTemplate\":\"https:\\\/\\\/www.icon-by-covivio.de\\\/?s={search_term_string}\"},\"query-input\":{\"@type\":\"PropertyValueSpecification\",\"valueRequired\":true,\"valueName\":\"search_term_string\"}}],\"inLanguage\":\"en-GB\"}]}<\/script>\n<!-- \/ Yoast SEO plugin. -->","yoast_head_json":{"title":"Office rental in D\u00fcsseldorf: ICON by Covivio with 55,700 m\u00b2 of space","description":"Secure an office in D\u00fcsseldorf: ICON by Covivio offers flexible, versatile space, perfect for modern companies.","robots":{"index":"index","follow":"follow","max-snippet":"max-snippet:-1","max-image-preview":"max-image-preview:large","max-video-preview":"max-video-preview:-1"},"canonical":"https:\/\/www.icon-by-covivio.de\/en\/spaces\/","og_locale":"en_GB","og_type":"article","og_title":"B\u00fcro mieten in D\u00fcsseldorf: ICON by Covivio mit 55.700 m\u00b2 Fl\u00e4che","og_description":"Sichern Sie sich ein B\u00fcro in D\u00fcsseldorf: ICON by Covivio bietet flexible, vielseitig nutzbare Fl\u00e4chen, perfekt f\u00fcr moderne Unternehmen.","og_url":"https:\/\/www.icon-by-covivio.de\/en\/spaces\/","og_site_name":"ICON by Covivio","article_modified_time":"2024-11-05T12:55:19+00:00","twitter_card":"summary_large_image","schema":{"@context":"https:\/\/schema.org","@graph":[{"@type":"WebPage","@id":"https:\/\/www.icon-by-covivio.de\/flaechen\/","url":"https:\/\/www.icon-by-covivio.de\/flaechen\/","name":"Office rental in D\u00fcsseldorf: ICON by Covivio with 55,700 m\u00b2 of space","isPartOf":{"@id":"https:\/\/www.icon-by-covivio.de\/#website"},"datePublished":"2024-09-13T09:19:17+00:00","dateModified":"2024-11-05T12:55:19+00:00","description":"Secure an office in D\u00fcsseldorf: ICON by Covivio offers flexible, versatile space, perfect for modern companies.","breadcrumb":{"@id":"https:\/\/www.icon-by-covivio.de\/flaechen\/#breadcrumb"},"inLanguage":"en-GB","potentialAction":[{"@type":"ReadAction","target":["https:\/\/www.icon-by-covivio.de\/flaechen\/"]}]},{"@type":"BreadcrumbList","@id":"https:\/\/www.icon-by-covivio.de\/flaechen\/#breadcrumb","itemListElement":[{"@type":"ListItem","position":1,"name":"Home","item":"https:\/\/www.icon-by-covivio.de\/"},{"@type":"ListItem","position":2,"name":"Fl\u00e4chen"}]},{"@type":"WebSite","@id":"https:\/\/www.icon-by-covivio.de\/#website","url":"https:\/\/www.icon-by-covivio.de\/","name":"ICON by Covivio","description":"","potentialAction":[{"@type":"SearchAction","target":{"@type":"EntryPoint","urlTemplate":"https:\/\/www.icon-by-covivio.de\/?s={search_term_string}"},"query-input":{"@type":"PropertyValueSpecification","valueRequired":true,"valueName":"search_term_string"}}],"inLanguage":"en-GB"}]}},"_links":{"self":[{"href":"https:\/\/www.icon-by-covivio.de\/en\/wp-json\/wp\/v2\/pages\/1455","targetHints":{"allow":["GET"]}}],"collection":[{"href":"https:\/\/www.icon-by-covivio.de\/en\/wp-json\/wp\/v2\/pages"}],"about":[{"href":"https:\/\/www.icon-by-covivio.de\/en\/wp-json\/wp\/v2\/types\/page"}],"author":[{"embeddable":true,"href":"https:\/\/www.icon-by-covivio.de\/en\/wp-json\/wp\/v2\/users\/2"}],"replies":[{"embeddable":true,"href":"https:\/\/www.icon-by-covivio.de\/en\/wp-json\/wp\/v2\/comments?post=1455"}],"version-history":[{"count":35,"href":"https:\/\/www.icon-by-covivio.de\/en\/wp-json\/wp\/v2\/pages\/1455\/revisions"}],"predecessor-version":[{"id":1818,"href":"https:\/\/www.icon-by-covivio.de\/en\/wp-json\/wp\/v2\/pages\/1455\/revisions\/1818"}],"wp:attachment":[{"href":"https:\/\/www.icon-by-covivio.de\/en\/wp-json\/wp\/v2\/media?parent=1455"}],"curies":[{"name":"wp","href":"https:\/\/api.w.org\/{rel}","templated":true}]}}