{"id":1454,"date":"2024-05-22T10:15:54","date_gmt":"2024-09-13T09:18:56","guid":{"rendered":"http:\/\/www.icon-by-covivio.de\/?page_id=1454"},"modified":"2025-02-24T17:15:49","modified_gmt":"2025-02-24T16:15:49","slug":"location","status":"publish","type":"page","link":"https:\/\/www.icon-by-covivio.de\/en\/lage\/","title":{"rendered":"Location"},"content":{"rendered":"<section class=\"section image-text image-text--variant-1 parallax\" >\n\t<picture class=\"image-text__picture\"><source srcset=\"https:\/\/www.icon-by-covivio.de:443\/app\/uploads\/2024\/09\/duesseldorf.png\" width=\"2560\" height=\"1126\" media=\"(max-width: 414px)\" \/><source srcset=\"https:\/\/www.icon-by-covivio.de:443\/app\/uploads\/2024\/09\/duesseldorf.png\" width=\"2560\" height=\"1126\" media=\"(max-width: 1440px)\" \/><img loading=\"lazy\" decoding=\"async\" src=\"https:\/\/www.icon-by-covivio.de:443\/app\/uploads\/2024\/09\/duesseldorf.png\" width=\"2560\" height=\"1126\"  class=\"parallax__item parallax__load-image\" data-parallax-type=\"move\" data-parallax-orientation=\"down\" data-parallax-distance=\"22%\" data-parallax-scale=\"1.25\" alt=\"D\u00fcsseldorf\" \/><\/picture>\t<div class=\"image-text__text-block\">\n\t\t<h2>Best location<\/h2><p class=\"text--intro\">With its\u00a0<strong>central location<\/strong>one\u00a0<strong>excellent transport infrastructure<\/strong>\u00a0and the\u00a0<strong>international airport<\/strong>\u00a0D\u00fcsseldorf is the ideal location for companies that want to tap into the German and international market from here.<\/p>\n<p class=\"text--intro\">Business and company-friendly policies, good living conditions and the tolerance, cosmopolitanism and proverbial hospitality of the Rhinelanders make the D\u00fcsseldorf region the preferred FDI (foreign direct investment) location in Europe after London and Paris.<\/p>\t<\/div>\n<\/section>\n\n\n\t<section class=\"section text-box text-box--variant-1\" >\n\t\t<div class=\"container\">\n\t\t\t<h2 class=\"h4\">D\u00fcsseldorf - The 10-minute city - and ICON by Covivio right in the middle of it<\/h2><p>Who wouldn't want to live in this great city on the Rhine? Magnificent streets, numerous green spaces and a balanced cultural programme make life in D\u00fcsseldorf simply beautiful. This is also the conclusion of the Mercer study. According to the study, D\u00fcsseldorf is the sixth most liveable city in an international comparison! In the German ranking, the state capital of NRW can lay claim to 2nd place.<\/p>\t\t<\/div>\n\t<\/section>\n\n\n\n<section class=\"section teaser-list teaser-list--variant-4\">\n\t<div class=\"teaser-list__container container\">\n\t\t\n\t\t<div class=\"teaser-list__list\">\n\t\t\t\t\t\t\t<article class=\"teaser-list__teaser\">\n\t\t\t\t\t<picture class=\"teaser-list__teaser-picture\"><source srcset=\"https:\/\/www.icon-by-covivio.de:443\/app\/uploads\/2024\/09\/lage2-374x181.png\" width=\"374\" height=\"181\" media=\"(max-width: 414px)\" \/><source srcset=\"https:\/\/www.icon-by-covivio.de:443\/app\/uploads\/2024\/09\/lage2-400x351.png\" width=\"400\" height=\"351\" media=\"(max-width: 767px)\" \/><img decoding=\"async\" src=\"https:\/\/www.icon-by-covivio.de:443\/app\/uploads\/2024\/09\/lage2.png\" width=\"400\" height=\"600\"  alt=\"D\u00fcsseldorf\" loading=\"lazy\" \/><\/picture>\t\t\t\t\t\t\t\t\t\t\t\t\t\t\t\t<p class=\"teaser-list__teaser-title\"><span>Highest quality of life<\/span><\/p>\n\t\t\t\t\t\t\t\t\t\t\t\t\t\t\t\t<p class=\"teaser-list__teaser-text\">\n\t\t\t\t\t\t\tD\u00fcsseldorf impresses with its elegant streets, generous green spaces and a varied cultural offering that characterises the city's quality of life. As a result, the city is consistently ranked among the world's most liveable metropolises in international studies. The state capital of North Rhine-Westphalia is also one of the top cities nationally in terms of quality of life.\t\t\t\t\t\t\t\t\t\t\t\t\t<\/p>\n\t\t\t\t\t\t\t\t\t<\/article>\n\t\t\t\t\t\t\t<article class=\"teaser-list__teaser\">\n\t\t\t\t\t<picture class=\"teaser-list__teaser-picture\"><source srcset=\"https:\/\/www.icon-by-covivio.de:443\/app\/uploads\/2024\/09\/lage1-374x181.png\" width=\"374\" height=\"181\" media=\"(max-width: 414px)\" \/><source srcset=\"https:\/\/www.icon-by-covivio.de:443\/app\/uploads\/2024\/09\/lage1-400x351.png\" width=\"400\" height=\"351\" media=\"(max-width: 767px)\" \/><img decoding=\"async\" src=\"https:\/\/www.icon-by-covivio.de:443\/app\/uploads\/2024\/09\/lage1.png\" width=\"400\" height=\"600\"  alt=\"Japanese cherry tree\" loading=\"lazy\" \/><\/picture>\t\t\t\t\t\t\t\t\t\t\t\t\t\t\t\t<p class=\"teaser-list__teaser-title\"><span>D\u00fcsseldorf's Japanese quarter<\/span><\/p>\n\t\t\t\t\t\t\t\t\t\t\t\t\t\t\t\t<p class=\"teaser-list__teaser-text\">\n\t\t\t\t\t\t\tWelcome to D\u00fcsseldorf, home to the largest Japanese community in Germany! Over 8,400 Japanese have found their new home here and D\u00fcsseldorf is proud to be home to the country's only Japantown. The vibrant neighbourhood covers an area of around 30 hectares and is located in the immediate vicinity of the main railway station. The lively Immermannstra\u00dfe serves as the main axis and is home to a variety of authentic Japanese restaurants, cosy caf\u00e9s, well-stocked supermarkets and bookshops.\t\t\t\t\t\t\t\t\t\t\t\t\t<\/p>\n\t\t\t\t\t\t\t\t\t<\/article>\n\t\t\t\t\t\t\t<article class=\"teaser-list__teaser\">\n\t\t\t\t\t<picture class=\"teaser-list__teaser-picture\"><source srcset=\"https:\/\/www.icon-by-covivio.de:443\/app\/uploads\/2024\/09\/lage3-374x181.png\" width=\"374\" height=\"181\" media=\"(max-width: 414px)\" \/><source srcset=\"https:\/\/www.icon-by-covivio.de:443\/app\/uploads\/2024\/09\/lage3-400x351.png\" width=\"400\" height=\"351\" media=\"(max-width: 767px)\" \/><img decoding=\"async\" src=\"https:\/\/www.icon-by-covivio.de:443\/app\/uploads\/2024\/09\/lage3.png\" width=\"400\" height=\"600\"  alt=\"D\u00fcsseldorf city centre\" loading=\"lazy\" \/><\/picture>\t\t\t\t\t\t\t\t\t\t\t\t\t\t\t\t<p class=\"teaser-list__teaser-title\"><span>Luxury mile on the Rhine<\/span><\/p>\n\t\t\t\t\t\t\t\t\t\t\t\t\t\t\t\t<p class=\"teaser-list__teaser-text\">\n\t\t\t\t\t\t\tThe K\u00f6, a street of exclusivity: D\u00fcsseldorf's renowned luxury mile is lined with first-class brands such as Gucci, Armani and Chanel. Fashion is the dominant theme along the K\u00f6. Thanks to this magnificent boulevard, the city has gained its reputation as one of the most elegant shopping destinations in the world.\t\t\t\t\t\t\t\t\t\t\t\t\t<\/p>\n\t\t\t\t\t\t\t\t\t<\/article>\n\t\t\t\t\t<\/div>\n\t<\/div>\n<\/section>\n\n<section class=\"section image-text image-text--variant-1 image-text--image-not-full\" >\n\t<picture class=\"image-text__picture\"><source srcset=\"https:\/\/www.icon-by-covivio.de:443\/app\/uploads\/2024\/09\/lage.png\" width=\"1491\" height=\"1096\" media=\"(max-width: 414px)\" \/><source srcset=\"https:\/\/www.icon-by-covivio.de:443\/app\/uploads\/2024\/09\/lage.png\" width=\"1491\" height=\"1096\" media=\"(max-width: 1440px)\" \/><img decoding=\"async\" src=\"https:\/\/www.icon-by-covivio.de:443\/app\/uploads\/2024\/09\/lage.png\" width=\"1491\" height=\"1096\"  alt=\"City map D\u00fcsseldorf\" loading=\"lazy\" \/><\/picture>\t<div class=\"image-text__text-block\">\n\t\t<h2 class=\"h4\">The connections to the vibrant life of the city are excellent<\/h2><p>The ICON by Covivio is located in the centre of D\u00fcsseldorf, in the middle of the urban Friedrichstadt district: within walking distance of the famous K\u00f6 with its numerous trendy restaurants, trendy hotels, galleries and museums.<\/p>\n<p>At the same time, the ICON by Covivio is surrounded by numerous small caf\u00e9s, bars and weekly markets as well as local suppliers.<\/p>\n<p>The location is the perfect mix, with day-care centres and schools complementing the offer and making everyday life a place of urban comfort.<\/p>\t<\/div>\n<\/section>","protected":false},"excerpt":{"rendered":"","protected":false},"author":2,"featured_media":0,"parent":0,"menu_order":0,"comment_status":"closed","ping_status":"open","template":"","meta":{"_acf_changed":false,"inline_featured_image":false,"footnotes":""},"class_list":["post-1454","page","type-page","status-publish","hentry"],"acf":[],"yoast_head":"<!-- This site is optimized with the Yoast SEO plugin v27.3 - https:\/\/yoast.com\/product\/yoast-seo-wordpress\/ -->\n<title>ICON by Covivio: Zentrale B\u00fcros in D\u00fcsseldorf mieten<\/title>\n<meta name=\"description\" content=\"Sichern Sie sich ein B\u00fcro in D\u00fcsseldorf im ICON by Covivio. Zentrale Lage in Friedrichstadt mit idealer Anbindung an \u00f6ffentliche Verkehrsmittel.\" \/>\n<meta name=\"robots\" content=\"index, follow, max-snippet:-1, max-image-preview:large, max-video-preview:-1\" \/>\n<link rel=\"canonical\" href=\"https:\/\/www.icon-by-covivio.de\/en\/location\/\" \/>\n<meta property=\"og:locale\" content=\"en_GB\" \/>\n<meta property=\"og:type\" content=\"article\" \/>\n<meta property=\"og:title\" content=\"ICON by Covivio: Zentrale B\u00fcros in D\u00fcsseldorf mieten\" \/>\n<meta property=\"og:description\" content=\"Sichern Sie sich ein B\u00fcro in D\u00fcsseldorf im ICON by Covivio. Zentrale Lage in Friedrichstadt mit idealer Anbindung an \u00f6ffentliche Verkehrsmittel.\" \/>\n<meta property=\"og:url\" content=\"https:\/\/www.icon-by-covivio.de\/en\/location\/\" \/>\n<meta property=\"og:site_name\" content=\"ICON by Covivio\" \/>\n<meta property=\"article:modified_time\" content=\"2025-02-24T16:15:49+00:00\" \/>\n<meta name=\"twitter:card\" content=\"summary_large_image\" \/>\n<script type=\"application\/ld+json\" class=\"yoast-schema-graph\">{\"@context\":\"https:\\\/\\\/schema.org\",\"@graph\":[{\"@type\":\"WebPage\",\"@id\":\"https:\\\/\\\/www.icon-by-covivio.de\\\/lage\\\/\",\"url\":\"https:\\\/\\\/www.icon-by-covivio.de\\\/lage\\\/\",\"name\":\"ICON by Covivio: Zentrale B\u00fcros in D\u00fcsseldorf mieten\",\"isPartOf\":{\"@id\":\"https:\\\/\\\/www.icon-by-covivio.de\\\/#website\"},\"datePublished\":\"2024-09-13T09:18:56+00:00\",\"dateModified\":\"2025-02-24T16:15:49+00:00\",\"description\":\"Sichern Sie sich ein B\u00fcro in D\u00fcsseldorf im ICON by Covivio. Zentrale Lage in Friedrichstadt mit idealer Anbindung an \u00f6ffentliche Verkehrsmittel.\",\"breadcrumb\":{\"@id\":\"https:\\\/\\\/www.icon-by-covivio.de\\\/lage\\\/#breadcrumb\"},\"inLanguage\":\"en-GB\",\"potentialAction\":[{\"@type\":\"ReadAction\",\"target\":[\"https:\\\/\\\/www.icon-by-covivio.de\\\/lage\\\/\"]}]},{\"@type\":\"BreadcrumbList\",\"@id\":\"https:\\\/\\\/www.icon-by-covivio.de\\\/lage\\\/#breadcrumb\",\"itemListElement\":[{\"@type\":\"ListItem\",\"position\":1,\"name\":\"Home\",\"item\":\"https:\\\/\\\/www.icon-by-covivio.de\\\/\"},{\"@type\":\"ListItem\",\"position\":2,\"name\":\"Lage\"}]},{\"@type\":\"WebSite\",\"@id\":\"https:\\\/\\\/www.icon-by-covivio.de\\\/#website\",\"url\":\"https:\\\/\\\/www.icon-by-covivio.de\\\/\",\"name\":\"ICON by Covivio\",\"description\":\"\",\"potentialAction\":[{\"@type\":\"SearchAction\",\"target\":{\"@type\":\"EntryPoint\",\"urlTemplate\":\"https:\\\/\\\/www.icon-by-covivio.de\\\/?s={search_term_string}\"},\"query-input\":{\"@type\":\"PropertyValueSpecification\",\"valueRequired\":true,\"valueName\":\"search_term_string\"}}],\"inLanguage\":\"en-GB\"}]}<\/script>\n<!-- \/ Yoast SEO plugin. -->","yoast_head_json":{"title":"ICON by Covivio: Rent central offices in D\u00fcsseldorf","description":"Secure an office in D\u00fcsseldorf at ICON by Covivio. Central location in Friedrichstadt with ideal public transport connections.","robots":{"index":"index","follow":"follow","max-snippet":"max-snippet:-1","max-image-preview":"max-image-preview:large","max-video-preview":"max-video-preview:-1"},"canonical":"https:\/\/www.icon-by-covivio.de\/en\/location\/","og_locale":"en_GB","og_type":"article","og_title":"ICON by Covivio: Zentrale B\u00fcros in D\u00fcsseldorf mieten","og_description":"Sichern Sie sich ein B\u00fcro in D\u00fcsseldorf im ICON by Covivio. Zentrale Lage in Friedrichstadt mit idealer Anbindung an \u00f6ffentliche Verkehrsmittel.","og_url":"https:\/\/www.icon-by-covivio.de\/en\/location\/","og_site_name":"ICON by Covivio","article_modified_time":"2025-02-24T16:15:49+00:00","twitter_card":"summary_large_image","schema":{"@context":"https:\/\/schema.org","@graph":[{"@type":"WebPage","@id":"https:\/\/www.icon-by-covivio.de\/lage\/","url":"https:\/\/www.icon-by-covivio.de\/lage\/","name":"ICON by Covivio: Rent central offices in D\u00fcsseldorf","isPartOf":{"@id":"https:\/\/www.icon-by-covivio.de\/#website"},"datePublished":"2024-09-13T09:18:56+00:00","dateModified":"2025-02-24T16:15:49+00:00","description":"Secure an office in D\u00fcsseldorf at ICON by Covivio. Central location in Friedrichstadt with ideal public transport connections.","breadcrumb":{"@id":"https:\/\/www.icon-by-covivio.de\/lage\/#breadcrumb"},"inLanguage":"en-GB","potentialAction":[{"@type":"ReadAction","target":["https:\/\/www.icon-by-covivio.de\/lage\/"]}]},{"@type":"BreadcrumbList","@id":"https:\/\/www.icon-by-covivio.de\/lage\/#breadcrumb","itemListElement":[{"@type":"ListItem","position":1,"name":"Home","item":"https:\/\/www.icon-by-covivio.de\/"},{"@type":"ListItem","position":2,"name":"Lage"}]},{"@type":"WebSite","@id":"https:\/\/www.icon-by-covivio.de\/#website","url":"https:\/\/www.icon-by-covivio.de\/","name":"ICON by Covivio","description":"","potentialAction":[{"@type":"SearchAction","target":{"@type":"EntryPoint","urlTemplate":"https:\/\/www.icon-by-covivio.de\/?s={search_term_string}"},"query-input":{"@type":"PropertyValueSpecification","valueRequired":true,"valueName":"search_term_string"}}],"inLanguage":"en-GB"}]}},"_links":{"self":[{"href":"https:\/\/www.icon-by-covivio.de\/en\/wp-json\/wp\/v2\/pages\/1454","targetHints":{"allow":["GET"]}}],"collection":[{"href":"https:\/\/www.icon-by-covivio.de\/en\/wp-json\/wp\/v2\/pages"}],"about":[{"href":"https:\/\/www.icon-by-covivio.de\/en\/wp-json\/wp\/v2\/types\/page"}],"author":[{"embeddable":true,"href":"https:\/\/www.icon-by-covivio.de\/en\/wp-json\/wp\/v2\/users\/2"}],"replies":[{"embeddable":true,"href":"https:\/\/www.icon-by-covivio.de\/en\/wp-json\/wp\/v2\/comments?post=1454"}],"version-history":[{"count":44,"href":"https:\/\/www.icon-by-covivio.de\/en\/wp-json\/wp\/v2\/pages\/1454\/revisions"}],"predecessor-version":[{"id":1837,"href":"https:\/\/www.icon-by-covivio.de\/en\/wp-json\/wp\/v2\/pages\/1454\/revisions\/1837"}],"wp:attachment":[{"href":"https:\/\/www.icon-by-covivio.de\/en\/wp-json\/wp\/v2\/media?parent=1454"}],"curies":[{"name":"wp","href":"https:\/\/api.w.org\/{rel}","templated":true}]}}